{"id":2,"date":"2023-08-29T16:10:03","date_gmt":"2023-08-29T16:10:03","guid":{"rendered":"https:\/\/devoktrans.ok-trans.net\/?page_id=2"},"modified":"2025-02-25T21:26:11","modified_gmt":"2025-02-25T20:26:11","slug":"sample-page","status":"publish","type":"page","link":"https:\/\/www.ok-trans.net\/","title":{"rendered":"Herzlich Willkommen"},"content":{"rendered":"\n<h1 class=\"wp-block-heading\"><em>Was nicht geht, wird gefahren&#8230;<\/em><\/h1>\n\n\n\n<p>Seit 2006 stehen wir f\u00fcr eine langj\u00e4hrige Tradition im Transportwesen. Mit unserem Sitz im Herzen Schleswig-Holsteins agieren wir t\u00e4glich sowohl im nationalen als auch im internationalen G\u00fcterverkehr. Ganz gleich, ob es um den Transport von Containern oder eigenen Trailern geht, wir sind Ihr zuverl\u00e4ssiger Partner. Unsere Flotte von etwa 40 Lastkraftwagen erm\u00f6glicht es uns, Touren ganz nach den Bed\u00fcrfnissen unserer Kunden zu planen und anzupassen, um Ihren Erfolg sicherzustellen. Konzentrieren Sie sich auf Ihr Kerngesch\u00e4ft, w\u00e4hrend wir den logistischen R\u00fccken f\u00fcr Sie freihalten.<br>Unser Leitgedanke lautet: &#8222;Was nicht geht, wird gefahren.&#8220;<\/p>\n\n\n\n<h1 class=\"wp-block-heading\">Allgemeines zu uns<\/h1>\n\n\n\n<p>Unsere Spezialit\u00e4t liegt im Transport von allen m\u00f6glichen Seecontainerarten, 20&#8242; Kombi-Containern (leicht) bis hin zum 40&#8242; und 45&#8242; Container.<br>Im Bereich Spezialequipment sind wir ebenfalls stark f\u00fcr unsere Kundschaft aufgestellt. Darauf basierend sind Reefer-Container, Gefahrgut-Container, als auch Container mit \u00dcberh\u00f6he kein Hindernis f\u00fcr uns. Vom Tiefbett bis hin zum Seitenlader verzeichnet unser Fuhrpark die ben\u00f6tigte Flexibilit\u00e4t, um jedem Kundenwunsch zu entsprechen.<\/p>\n\n\n\n<p>Des Weiteren haben wir auch im Bereich Trailer die M\u00f6glichkeit, unsere Kundschaft zu unterst\u00fctzen, um innerhalb der Branche fl\u00e4chendeckend offerieren zu k\u00f6nnen. Zus\u00e4tzlich bieten wir f\u00fcr Kunden im Hamburger Stadtgebiet und im erweiterten Nahverkehr Shuttle-Verkehre an, sofern gew\u00fcnscht.<br>Zusatzleistungen wie die Organisation einer VGM-Verwiegung, Container-Zwischenlagerung, T1-Erstellungen, Verwahrerwechsel, Zapp-Erstellung oder generelle Umfuhren von Containern sind ebenfalls kein Problem f\u00fcr uns.<\/p>\n\n\n\n<p>Grundlegen k\u00f6nnen wir alle Transporte im nationalen als auch im internationalen Gebiet anbieten und abfahren. Im Bereich Skandinavien sind wir sehr stark aufgestellt und verf\u00fcgen \u00fcber eine langj\u00e4hrige Erfahrung und Kenntnis. Transporte gen Serbien oder Frankreich, Spanien, Polen, Niederlande, Belgien, D\u00e4nemark, Tschechien, Schweiz, \u00d6sterreich und in zahlreiche weitere europ\u00e4ische L\u00e4nder stellen kein Problem f\u00fcr uns dar.<br>Wir versuchen uns stets der wirtschaftlichen Lage anzupassen und bieten daher nicht nur Rundl\u00e4ufe an, sondern auch ONE-WAY-Transporte.<\/p>\n\n\n\n<p>Wir sind <strong>der<\/strong> zuverl\u00e4ssige Partner f\u00fcr jede Konstellation!<\/p>\n\n\n\n<h1 class=\"wp-block-heading\">Unser Angebot f\u00fcr unsere Kundschaft im \u00dcberblick:<\/h1>\n\n\n\n<ul class=\"wp-block-list\">\n<li>Direkt Truck ex\/auf Nordhafen und Westhafen europaweit<\/li>\n\n\n\n<li>20&#8242; Kombis (Teiler Chassis)<\/li>\n\n\n\n<li>20&#8242; Rundl\u00e4ufe und Oneway<\/li>\n\n\n\n<li>40&#8242; Rundl\u00e4ufe und Oneway<\/li>\n\n\n\n<li>40&#8217;+ 45&#8217;+ 2&#215;20&#8242; Seitenlader<\/li>\n\n\n\n<li>Planen-Auflieger<\/li>\n\n\n\n<li>Aktive Reefer<\/li>\n\n\n\n<li>ADR\/Gefahrengut<\/li>\n\n\n\n<li>20&#8242; + 40&#8242; inklusive \u00dcberh\u00f6he (Tiefbett)<\/li>\n\n\n\n<li>A-Schild<\/li>\n\n\n\n<li>CAT3 Genehmigung europaweit<\/li>\n\n\n\n<li>Zwischenlagerung in Hamburg<\/li>\n\n\n\n<li>SOLAS Verwiegung Hamburg &amp; Bremerhaven<\/li>\n\n\n\n<li>T1-Erstellung, Verwahrerwechsel, Import &amp; Zolldienstleistungen auf Anfrage<\/li>\n<\/ul>\n\n\n\n<h4 class=\"wp-block-heading\"><strong>Sehen Sie sich unsere <a href=\"https:\/\/www.ok-trans.net\/?p=184\" data-type=\"post\" data-id=\"184\">hochwertigen und modernen Fahrzeuge<\/a> an oder treten Sie direkt mit uns in <a href=\"https:\/\/www.ok-trans.net\/?page_id=314\" data-type=\"page\" data-id=\"314\">Kontakt<\/a>!<\/strong><\/h4>\n","protected":false},"excerpt":{"rendered":"<p>Was nicht geht, wird gefahren&#8230; Seit 2006 stehen wir f\u00fcr eine langj\u00e4hrige Tradition im Transportwesen. Mit unserem Sitz im Herzen Schleswig-Holsteins agieren wir t\u00e4glich sowohl im nationalen als auch im internationalen G\u00fcterverkehr. Ganz gleich, ob es um den Transport von Containern oder eigenen Trailern geht, wir sind Ihr zuverl\u00e4ssiger Partner. [&hellip;]<\/p>\n","protected":false},"author":4,"featured_media":0,"parent":0,"menu_order":0,"comment_status":"closed","ping_status":"open","template":"","meta":{"inspiro_page_layout":"narrow","inspiro_hide_title":false,"footnotes":""},"class_list":["post-2","page","type-page","status-publish","hentry"],"featured_media_urls":[],"_links":{"self":[{"href":"https:\/\/www.ok-trans.net\/index.php?rest_route=\/wp\/v2\/pages\/2","targetHints":{"allow":["GET"]}}],"collection":[{"href":"https:\/\/www.ok-trans.net\/index.php?rest_route=\/wp\/v2\/pages"}],"about":[{"href":"https:\/\/www.ok-trans.net\/index.php?rest_route=\/wp\/v2\/types\/page"}],"author":[{"embeddable":true,"href":"https:\/\/www.ok-trans.net\/index.php?rest_route=\/wp\/v2\/users\/4"}],"replies":[{"embeddable":true,"href":"https:\/\/www.ok-trans.net\/index.php?rest_route=%2Fwp%2Fv2%2Fcomments&post=2"}],"version-history":[{"count":15,"href":"https:\/\/www.ok-trans.net\/index.php?rest_route=\/wp\/v2\/pages\/2\/revisions"}],"predecessor-version":[{"id":425,"href":"https:\/\/www.ok-trans.net\/index.php?rest_route=\/wp\/v2\/pages\/2\/revisions\/425"}],"wp:attachment":[{"href":"https:\/\/www.ok-trans.net\/index.php?rest_route=%2Fwp%2Fv2%2Fmedia&parent=2"}],"curies":[{"name":"wp","href":"https:\/\/api.w.org\/{rel}","templated":true}]}}